{"id":156,"date":"2014-09-23T20:33:12","date_gmt":"2014-09-23T20:33:12","guid":{"rendered":"http:\/\/north.fuelthemes.net\/?page_id=156"},"modified":"2018-12-15T21:53:46","modified_gmt":"2018-12-15T19:53:46","slug":"about-us","status":"publish","type":"page","link":"https:\/\/mydesire.eu\/est\/about-us\/","title":{"rendered":"Meist"},"content":{"rendered":"<h5>Br\u00e4nd stiilsetele naistele<\/h5>\n<p>Enamus meie tooteid on p\u00e4rit Euroopast v\u00f5i valmistatud koost\u00f6\u00f6s Eesti disaineritega.\nKirgliku viimistletud eetikaganormidega valmistame luksuslikud r\u00f5ivad, mis vastavad iga naise ootustele\nja n\u00f5udmistele alates hetkest mil ta kannab seda, omab seda.<\/p>\n<p>Desire esindab nii keerukat moekunsti kui ka k\u00f5rget kvaliteetset riide t\u00f6\u00f6tlemist.\nDesire pakub sotsiaalselt teadlikke moeemotsioone ja kultuurilist t\u00e4hendust.\nMeie klientide rahulolu on meie prioriteet number \u00fcks! Seep\u00e4rast oleme me valmis pingutama, et iga meie klient tunneks ennast erilisena. Klientidel eriparameetritega on v\u00f5imalus teha individuaalne tellimus. Desire kaupluses meie kogenud personal on alati valmis Teid abistama.<\/p>\n<p>Kui Te soovite olla kursis v\u00e4rskete trendidega ja uue kauba kohaletulekuga, siis liituge meie klubiga selle lehe kaudu v\u00f5i vaadake hooaja soodustusi! K\u00f5ik tooted assordimendis on tellitavad emaili v\u00f5i facebook postkasti teel. \u00dcle Eesti kauba tarne - tasuta!\nTeie Desire...<\/p>","protected":false},"excerpt":{"rendered":"<p>A brand for stylish women We bring the latest fashion that is completely different and unique from anything that\u2019s out there right now. Our designs are catchy and new in trends for a woman who wants to stand out. All our products are sourced and made in Europe. With passionate craftsmanship ethics, we are able &hellip; <\/p>\n<p class=\"link-more\"><a href=\"https:\/\/mydesire.eu\/est\/about-us\/\" class=\"more-link\">Continue reading<span class=\"screen-reader-text\"> &#8220;About Us&#8221;<\/span><\/a><\/p>","protected":false},"author":45,"featured_media":0,"parent":0,"menu_order":0,"comment_status":"closed","ping_status":"open","template":"","meta":{"footnotes":""},"class_list":["post-156","page","type-page","status-publish","hentry"],"_links":{"self":[{"href":"https:\/\/mydesire.eu\/est\/wp-json\/wp\/v2\/pages\/156","targetHints":{"allow":["GET"]}}],"collection":[{"href":"https:\/\/mydesire.eu\/est\/wp-json\/wp\/v2\/pages"}],"about":[{"href":"https:\/\/mydesire.eu\/est\/wp-json\/wp\/v2\/types\/page"}],"author":[{"embeddable":true,"href":"https:\/\/mydesire.eu\/est\/wp-json\/wp\/v2\/users\/45"}],"replies":[{"embeddable":true,"href":"https:\/\/mydesire.eu\/est\/wp-json\/wp\/v2\/comments?post=156"}],"version-history":[{"count":0,"href":"https:\/\/mydesire.eu\/est\/wp-json\/wp\/v2\/pages\/156\/revisions"}],"wp:attachment":[{"href":"https:\/\/mydesire.eu\/est\/wp-json\/wp\/v2\/media?parent=156"}],"curies":[{"name":"wp","href":"https:\/\/api.w.org\/{rel}","templated":true}]}}